{"id":6784,"date":"2024-05-03T14:30:55","date_gmt":"2024-05-03T12:30:55","guid":{"rendered":"https:\/\/www.camidepurazioni.it\/inicio\/"},"modified":"2024-06-05T10:25:49","modified_gmt":"2024-06-05T08:25:49","slug":"inicio","status":"publish","type":"page","link":"https:\/\/www.camidepurazioni.it\/pt-pt\/","title":{"rendered":"In\u00edcio"},"content":{"rendered":"\n<h2 class=\"has-text-align-left has-black-color has-text-color has-large-font-size wp-block-heading\"><p><strong>ABOUT US<\/strong><\/p><\/h2>\n\n<div class=\"wp-block-media-text alignwide is-stacked-on-mobile\" style=\"grid-template-columns:35% auto\"><figure class=\"wp-block-media-text__media\"><img loading=\"lazy\" decoding=\"async\" width=\"1024\" height=\"653\" src=\"https:\/\/www.camidepurazioni.it\/wp-content\/uploads\/2024\/05\/filtro-fumi-4-1024x653.jpg\" alt=\"\" class=\"wp-image-8783\" srcset=\"https:\/\/www.camidepurazioni.it\/wp-content\/uploads\/2024\/05\/filtro-fumi-4-1024x653.jpg 1024w, https:\/\/www.camidepurazioni.it\/wp-content\/uploads\/2024\/05\/filtro-fumi-4-300x191.jpg 300w, https:\/\/www.camidepurazioni.it\/wp-content\/uploads\/2024\/05\/filtro-fumi-4.jpg 1369w\" sizes=\"auto, (max-width: 1024px) 100vw, 1024px\" \/><\/figure><div class=\"wp-block-media-text__content\">\n<p class=\"has-text-align-center has-black-color has-text-color\" style=\"font-size:25px\">Bem-vindo \u00e0 Cami Depurazioni!<\/p>\n\n\n\n<p class=\"has-black-color has-text-color\" style=\"font-size:25px\">Com mais de 50 anos de experi\u00eancia no setor ambiental, somos uma empresa bem estabelecida, especializada na oferta de solu\u00e7\u00f5es personalizadas para o tratamento de poeiras, fumos, \u00e1guas e muito mais, tanto na It\u00e1lia como no exterior. Nossa filosofia baseia-se na utiliza\u00e7\u00e3o de tecnologias de ponta para garantir a m\u00e1xima efici\u00eancia e qualidade de nossas instala\u00e7\u00f5es. Al\u00e9m disso, estamos comprometidos em atender plenamente \u00e0s necessidades de nossos clientes, criando solu\u00e7\u00f5es sob medida e assistindo-os em todas as etapas, desde a compra at\u00e9 a realiza\u00e7\u00e3o e a instala\u00e7\u00e3o das instala\u00e7\u00f5es.<\/p>\n<\/div><\/div>\n\n<div style=\"height:100px\" aria-hidden=\"true\" class=\"wp-block-spacer\"><\/div>\n\n<h2 class=\"has-text-align-right has-black-color has-text-color has-large-font-size wp-block-heading\"><strong>OUR MISSION<\/strong><\/h2>\n\n<div class=\"wp-block-media-text alignwide has-media-on-the-right is-stacked-on-mobile\" style=\"grid-template-columns:auto 28%\"><figure class=\"wp-block-media-text__media\"><img loading=\"lazy\" decoding=\"async\" width=\"922\" height=\"1024\" src=\"https:\/\/www.camidepurazioni.it\/wp-content\/uploads\/2024\/05\/98627d9d-5a63-4cb4-afa8-277f8436aa2c-1-922x1024.jpg\" alt=\"\" class=\"wp-image-8800\" srcset=\"https:\/\/www.camidepurazioni.it\/wp-content\/uploads\/2024\/05\/98627d9d-5a63-4cb4-afa8-277f8436aa2c-1-922x1024.jpg 922w, https:\/\/www.camidepurazioni.it\/wp-content\/uploads\/2024\/05\/98627d9d-5a63-4cb4-afa8-277f8436aa2c-1-270x300.jpg 270w, https:\/\/www.camidepurazioni.it\/wp-content\/uploads\/2024\/05\/98627d9d-5a63-4cb4-afa8-277f8436aa2c-1.jpg 1053w\" sizes=\"auto, (max-width: 922px) 100vw, 922px\" \/><\/figure><div class=\"wp-block-media-text__content\">\n<p class=\"has-black-color has-text-color\" style=\"font-size:25px\">Nossa miss\u00e3o \u00e9 fornecer instala\u00e7\u00f5es de alta qualidade a custos competitivos, garantindo o cumprimento das regulamenta\u00e7\u00f5es ambientais e a total satisfa\u00e7\u00e3o dos clientes. O que nos diferencia dos concorrentes \u00e9 nossa capacidade de fornecer solu\u00e7\u00f5es completas e prontas para uso em todo o mundo, como nossas instala\u00e7\u00f5es chave na m\u00e3o. Utilizamos metodologias de processo e componentes de \u00faltima gera\u00e7\u00e3o para garantir instala\u00e7\u00f5es de alta qualidade e confiabilidade. A pesquisa e a inova\u00e7\u00e3o est\u00e3o no centro de cada fase, desde o design at\u00e9 a produ\u00e7\u00e3o e a instala\u00e7\u00e3o.<\/p>\n<\/div><\/div>\n\n<div style=\"height:100px\" aria-hidden=\"true\" class=\"wp-block-spacer\"><\/div>\n\n<h2 class=\"has-text-align-left has-black-color has-text-color has-large-font-size wp-block-heading\"><strong>OUR VISION<\/strong><\/h2>\n\n<div class=\"wp-block-media-text alignwide is-stacked-on-mobile\" style=\"grid-template-columns:42% auto\"><figure class=\"wp-block-media-text__media\"><img loading=\"lazy\" decoding=\"async\" width=\"1024\" height=\"768\" src=\"https:\/\/www.camidepurazioni.it\/wp-content\/uploads\/2024\/05\/08ea54b1-5bd4-49ea-a035-bcb2da8d50c2-1.jpg\" alt=\"\" class=\"wp-image-8808\" srcset=\"https:\/\/www.camidepurazioni.it\/wp-content\/uploads\/2024\/05\/08ea54b1-5bd4-49ea-a035-bcb2da8d50c2-1.jpg 1024w, https:\/\/www.camidepurazioni.it\/wp-content\/uploads\/2024\/05\/08ea54b1-5bd4-49ea-a035-bcb2da8d50c2-1-300x225.jpg 300w\" sizes=\"auto, (max-width: 1024px) 100vw, 1024px\" \/><\/figure><div class=\"wp-block-media-text__content\">\n<p class=\"has-black-color has-text-color\" style=\"font-size:25px\">Nossa vis\u00e3o \u00e9 nos tornarmos o ponto de refer\u00eancia global no setor de sistemas de purifica\u00e7\u00e3o e tratamento ambiental, oferecendo solu\u00e7\u00f5es inovadoras e sustent\u00e1veis que contribuam para a preserva\u00e7\u00e3o do meio ambiente e para o bem-estar das comunidades em todo o mundo.<\/p>\n<\/div><\/div>\n\n<hr class=\"wp-block-separator\"\/>\n\n<figure class=\"wp-block-video\"><video controls=\"\" src=\"https:\/\/www.camidepurazioni.it\/wp-content\/uploads\/2021\/05\/Cami-short-clip720p.mp4\"><\/video><\/figure>\n\n<p><\/p>\n","protected":false},"excerpt":{"rendered":"<p>ABOUT US Bem-vindo \u00e0 Cami Depurazioni! Com mais de 50 anos de experi\u00eancia no setor ambiental, somos uma empresa bem&#8230;<\/p>\n","protected":false},"author":1,"featured_media":0,"parent":0,"menu_order":0,"comment_status":"closed","ping_status":"open","template":"","meta":{"footnotes":""},"class_list":["post-6784","page","type-page","status-publish","hentry"],"_links":{"self":[{"href":"https:\/\/www.camidepurazioni.it\/pt-pt\/wp-json\/wp\/v2\/pages\/6784","targetHints":{"allow":["GET"]}}],"collection":[{"href":"https:\/\/www.camidepurazioni.it\/pt-pt\/wp-json\/wp\/v2\/pages"}],"about":[{"href":"https:\/\/www.camidepurazioni.it\/pt-pt\/wp-json\/wp\/v2\/types\/page"}],"author":[{"embeddable":true,"href":"https:\/\/www.camidepurazioni.it\/pt-pt\/wp-json\/wp\/v2\/users\/1"}],"replies":[{"embeddable":true,"href":"https:\/\/www.camidepurazioni.it\/pt-pt\/wp-json\/wp\/v2\/comments?post=6784"}],"version-history":[{"count":2,"href":"https:\/\/www.camidepurazioni.it\/pt-pt\/wp-json\/wp\/v2\/pages\/6784\/revisions"}],"predecessor-version":[{"id":9701,"href":"https:\/\/www.camidepurazioni.it\/pt-pt\/wp-json\/wp\/v2\/pages\/6784\/revisions\/9701"}],"wp:attachment":[{"href":"https:\/\/www.camidepurazioni.it\/pt-pt\/wp-json\/wp\/v2\/media?parent=6784"}],"curies":[{"name":"wp","href":"https:\/\/api.w.org\/{rel}","templated":true}]}}